{"id":1076,"date":"2022-05-06T14:47:15","date_gmt":"2022-05-06T14:47:15","guid":{"rendered":"https:\/\/demo.himaratheme.com\/?page_id=1076"},"modified":"2026-04-18T08:44:27","modified_gmt":"2026-04-18T08:44:27","slug":"branches","status":"publish","type":"page","link":"https:\/\/hana-stay.com\/en\/branches\/","title":{"rendered":"Branches"},"content":{"rendered":"\t\t<div data-elementor-type=\"wp-page\" data-elementor-id=\"1076\" class=\"elementor elementor-1076\">\n\t\t\t\t<div class=\"elementor-element elementor-element-dc33a7f e-flex e-con-boxed e-con e-parent\" data-id=\"dc33a7f\" data-element_type=\"container\" data-e-type=\"container\">\n\t\t\t\t\t<div class=\"e-con-inner\">\n\t\t\t\t<div class=\"elementor-element elementor-element-b8d90d1 elementor-widget elementor-widget-heading\" data-id=\"b8d90d1\" data-element_type=\"widget\" data-e-type=\"widget\" data-widget_type=\"heading.default\">\n\t\t\t\t<div class=\"elementor-widget-container\">\n\t\t\t\t\t<h2 class=\"elementor-heading-title elementor-size-default\">Rooms to suit any need<\/h2>\t\t\t\t<\/div>\n\t\t\t\t<\/div>\n\t\t\t\t<div class=\"elementor-element elementor-element-0351eed elementor-widget elementor-widget-text-editor\" data-id=\"0351eed\" data-element_type=\"widget\" data-e-type=\"widget\" data-widget_type=\"text-editor.default\">\n\t\t\t\t<div class=\"elementor-widget-container\">\n\t\t\t\t\t\t\t\t\t<p>No matter the purpose of your trip, HANA STAY hotels can accommodate your travel needs.<\/p>\t\t\t\t\t\t\t\t<\/div>\n\t\t\t\t<\/div>\n\t\t\t\t\t<\/div>\n\t\t\t\t<\/div>\n\t\t<div class=\"elementor-element elementor-element-fb98c74 e-flex e-con-boxed e-con e-parent\" data-id=\"fb98c74\" data-element_type=\"container\" data-e-type=\"container\">\n\t\t\t\t\t<div class=\"e-con-inner\">\n\t\t<div class=\"elementor-element elementor-element-dca5eec e-con-full e-flex e-con e-child\" data-id=\"dca5eec\" data-element_type=\"container\" data-e-type=\"container\">\n\t\t\t\t<div class=\"elementor-element elementor-element-10c7886 elementor-widget elementor-widget-eb_branches\" data-id=\"10c7886\" data-element_type=\"widget\" data-e-type=\"widget\" data-widget_type=\"eb_branches.default\">\n\t\t\t\t<div class=\"elementor-widget-container\">\n\t\t\t\t\t\r\n\t<div class=\"eb-g-lg-4 eb-g-md-3 eb-g-sm-1 eb-braches\">\r\n\r\n\t\t\t\t<div class=\"eb-branch-item\">\r\n\t\t\t\t<a href=\"https:\/\/hana-stay.com\/en\/branch\/148pkb\/\">\r\n\t\t\t\t\t<figure style=\"background-image: url(https:\/\/hana-stay.com\/wp-content\/uploads\/2025\/03\/148pkb\u30a8\u30f3\u30c8\u30e9\u30f3\u30b9.png); background-size: cover\">\r\n\t\t\t\t\t\t<div class=\"eb-branch-details\">\r\n\t\t\t\t\t\t\t<div class=\"eb-branch-details-inner \">\r\n\t\t\t\t\t\t\t\t<h4 class=\"title\">148 Phan Ke Binh<\/h4>\r\n\t\t\t\t\t\t\t\t<div class=\"eb-branch-location\"><i class=\"icon-location-pin\"><\/i> 148 P. Phan K\u1ebf B\u00ednh, Ng\u1ecdc Kh\u00e1nh, H\u00e0 N\u1ed9i<\/div>\r\n\t\t\t\t\t\t\t<\/div>\r\n\t\t\t\t\t\t<\/div>\r\n\t\t\t\t\t<\/figure>\r\n\r\n\t\t\t\t<\/a>\r\n\r\n\t\t\t<\/div>\r\n\r\n\t\t\t\t\t<div class=\"eb-branch-item\">\r\n\t\t\t\t<a href=\"https:\/\/hana-stay.com\/en\/branch\/160pkb\/\">\r\n\t\t\t\t\t<figure style=\"background-image: url(https:\/\/hana-stay.com\/wp-content\/uploads\/2025\/03\/160pkb-front.webp); background-size: cover\">\r\n\t\t\t\t\t\t<div class=\"eb-branch-details\">\r\n\t\t\t\t\t\t\t<div class=\"eb-branch-details-inner \">\r\n\t\t\t\t\t\t\t\t<h4 class=\"title\">160 Phan Ke Binh<\/h4>\r\n\t\t\t\t\t\t\t\t<div class=\"eb-branch-location\"><i class=\"icon-location-pin\"><\/i> 160 P. Phan K\u1ebf B\u00ednh, C\u1ed1ng V\u1ecb, Ba \u0110\u00ecnh, H\u00e0 N\u1ed9i <\/div>\r\n\t\t\t\t\t\t\t<\/div>\r\n\t\t\t\t\t\t<\/div>\r\n\t\t\t\t\t<\/figure>\r\n\r\n\t\t\t\t<\/a>\r\n\r\n\t\t\t<\/div>\r\n\r\n\t\t\t\t\t<div class=\"eb-branch-item\">\r\n\t\t\t\t<a href=\"https:\/\/hana-stay.com\/en\/branch\/riverside\/\">\r\n\t\t\t\t\t<figure style=\"background-image: url(https:\/\/hana-stay.com\/wp-content\/uploads\/2025\/03\/riverside-room.webp); background-size: cover\">\r\n\t\t\t\t\t\t<div class=\"eb-branch-details\">\r\n\t\t\t\t\t\t\t<div class=\"eb-branch-details-inner \">\r\n\t\t\t\t\t\t\t\t<h4 class=\"title\">RIVER SIDE<\/h4>\r\n\t\t\t\t\t\t\t\t<div class=\"eb-branch-location\"><i class=\"icon-location-pin\"><\/i> 226 \u0110. B\u01b0\u1edfi, C\u1ed1ng V\u1ecb, Ba \u0110\u00ecnh, H\u00e0 N\u1ed9i, Vietnam<\/div>\r\n\t\t\t\t\t\t\t<\/div>\r\n\t\t\t\t\t\t<\/div>\r\n\t\t\t\t\t<\/figure>\r\n\r\n\t\t\t\t<\/a>\r\n\r\n\t\t\t<\/div>\r\n\r\n\t\t\t\t\t<div class=\"eb-branch-item\">\r\n\t\t\t\t<a href=\"https:\/\/hana-stay.com\/en\/branch\/tqh\/\">\r\n\t\t\t\t\t<figure style=\"background-image: url(https:\/\/hana-stay.com\/wp-content\/uploads\/2025\/03\/tqh-front.webp); background-size: cover\">\r\n\t\t\t\t\t\t<div class=\"eb-branch-details\">\r\n\t\t\t\t\t\t\t<div class=\"eb-branch-details-inner \">\r\n\t\t\t\t\t\t\t\t<h4 class=\"title\">Tran Quoc Hoan<\/h4>\r\n\t\t\t\t\t\t\t\t<div class=\"eb-branch-location\"><i class=\"icon-location-pin\"><\/i> 25 Ng. 6 P. Tr\u1ea7n Qu\u1ed1c Ho\u00e0n, D\u1ecbch V\u1ecdng H\u1eadu, C\u1ea7u Gi\u1ea5y, H\u00e0 N\u1ed9i <\/div>\r\n\t\t\t\t\t\t\t<\/div>\r\n\t\t\t\t\t\t<\/div>\r\n\t\t\t\t\t<\/figure>\r\n\r\n\t\t\t\t<\/a>\r\n\r\n\t\t\t<\/div>\r\n\r\n\t\t\r\n\t<\/div>\r\n\r\n\t\t\t\t<\/div>\n\t\t\t\t<\/div>\n\t\t\t\t<\/div>\n\t\t\t\t\t<\/div>\n\t\t\t\t<\/div>\n\t\t\t\t<\/div>\n\t\t","protected":false},"excerpt":{"rendered":"<p>Rooms to suit any need No matter the purpose of your trip, HANA STAY hotels can accommodate your travel needs. 148 Phan Ke Binh 148 P. Phan K\u1ebf B\u00ednh, Ng\u1ecdc Kh\u00e1nh, H\u00e0 N\u1ed9i 160 Phan Ke Binh 160 P. Phan K\u1ebf B\u00ednh, C\u1ed1ng V\u1ecb, Ba \u0110\u00ecnh, H\u00e0 N\u1ed9i RIVER SIDE 226 \u0110. B\u01b0\u1edfi, C\u1ed1ng V\u1ecb, [&hellip;]<\/p>\n","protected":false},"author":1,"featured_media":0,"parent":0,"menu_order":0,"comment_status":"closed","ping_status":"closed","template":"","meta":{"footnotes":""},"class_list":["post-1076","page","type-page","status-publish","hentry"],"_links":{"self":[{"href":"https:\/\/hana-stay.com\/en\/wp-json\/wp\/v2\/pages\/1076","targetHints":{"allow":["GET"]}}],"collection":[{"href":"https:\/\/hana-stay.com\/en\/wp-json\/wp\/v2\/pages"}],"about":[{"href":"https:\/\/hana-stay.com\/en\/wp-json\/wp\/v2\/types\/page"}],"author":[{"embeddable":true,"href":"https:\/\/hana-stay.com\/en\/wp-json\/wp\/v2\/users\/1"}],"replies":[{"embeddable":true,"href":"https:\/\/hana-stay.com\/en\/wp-json\/wp\/v2\/comments?post=1076"}],"version-history":[{"count":0,"href":"https:\/\/hana-stay.com\/en\/wp-json\/wp\/v2\/pages\/1076\/revisions"}],"wp:attachment":[{"href":"https:\/\/hana-stay.com\/en\/wp-json\/wp\/v2\/media?parent=1076"}],"curies":[{"name":"wp","href":"https:\/\/api.w.org\/{rel}","templated":true}]}}